{"id":2,"date":"2023-06-10T05:32:39","date_gmt":"2023-06-10T03:32:39","guid":{"rendered":"http:\/\/oraka.org\/?page_id=2"},"modified":"2025-09-15T22:46:37","modified_gmt":"2025-09-16T01:46:37","slug":"page-d-exemple","status":"publish","type":"page","link":"https:\/\/oraka.org\/?page_id=2","title":{"rendered":"LA GUERRE DE L&rsquo;AKA"},"content":{"rendered":"\n<figure class=\"wp-block-image size-full\"><a href=\"https:\/\/www.helloasso.com\/associations\/oraka\/evenements\/spectacle-de-danse-la-guerre-de-l-aka\"><img loading=\"lazy\" decoding=\"async\" width=\"904\" height=\"1280\" src=\"https:\/\/oraka.org\/wp-content\/uploads\/2025\/05\/2025-05-15-flyer.jpg\" alt=\"\" class=\"wp-image-108\" srcset=\"https:\/\/oraka.org\/wp-content\/uploads\/2025\/05\/2025-05-15-flyer.jpg 904w, https:\/\/oraka.org\/wp-content\/uploads\/2025\/05\/2025-05-15-flyer-212x300.jpg 212w, https:\/\/oraka.org\/wp-content\/uploads\/2025\/05\/2025-05-15-flyer-723x1024.jpg 723w, https:\/\/oraka.org\/wp-content\/uploads\/2025\/05\/2025-05-15-flyer-768x1087.jpg 768w\" sizes=\"auto, (max-width: 904px) 100vw, 904px\" \/><\/a><\/figure>\n\n\n\n<p>Le peuple Agowa arrive sur terre et doit apprendre \u00e0 vivre les exp\u00e9riences humaines. Des d\u00e9fis sont v\u00e9cus pour comprendre, d\u00e9masquer et transcender certains blocages rencontr\u00e9s dans cette humanit\u00e9. Vont-ils parvenir \u00e0 \u00e9voluer dans leurs p\u00e9rip\u00e9ties o\u00f9 l&rsquo;\u00e2me ne cherche qu&rsquo;\u00e0 se r\u00e9aliser et vibrer haut ? Des messages d&rsquo;espoir parsem\u00e9s de cl\u00e9s pour entreprendre sa propre ascencion. La guerre \u00e9nerg\u00e9tique transforme, transcende et transmute les Orakiens et rend accessible ce champ des possibles.<\/p>\n\n\n\n<p>Sur sc\u00e8ne : des encha\u00eenements de tableaux pr\u00e9sentant des disciplines artistiques et athl\u00e9tiques au service de la r\u00e9alisation de soi. Une dizaine de pratiquants qui ont os\u00e9 se mettre en sc\u00e8ne, faire face \u00e0 leurs propres obstacles pour progresser personnellement. Un r\u00e9sultat invitant au partage de leurs v\u00e9cus et les transformant int\u00e9rieurement afin de les rapprocher de leur meilleure version du super h\u00e9ros existant et vibrant en eux. L&rsquo;association Oraka pr\u00e9sente un univers d&rsquo;entra\u00eenement \u00e0 la r\u00e9alisation de soi sous cette trame de d\u00e9veloppement de ses super pouvoirs au service de ce super h\u00e9ros de notre vie.&nbsp;<\/p>\n\n\n\n<p><\/p>\n\n\n\n<blockquote class=\"wp-block-quote is-layout-flow wp-block-quote-is-layout-flow\">\n<p><\/p>\n<\/blockquote>\n\n\n\n<p>Oraka &#8211; ensemble, agissons !<\/p>\n\n\n\n<p><\/p>\n\n\n\n<p><\/p>\n","protected":false},"excerpt":{"rendered":"<p>Le peuple Agowa arrive sur terre et doit apprendre \u00e0 vivre les exp\u00e9riences humaines. Des d\u00e9fis sont v\u00e9cus pour comprendre, d\u00e9masquer et transcender certains blocages rencontr\u00e9s dans cette humanit\u00e9. Vont-ils parvenir \u00e0 \u00e9voluer dans leurs p\u00e9rip\u00e9ties o\u00f9 l&rsquo;\u00e2me ne cherche qu&rsquo;\u00e0 se r\u00e9aliser et vibrer haut ? Des messages d&rsquo;espoir parsem\u00e9s de cl\u00e9s pour entreprendre [&hellip;]<\/p>\n","protected":false},"author":1,"featured_media":0,"parent":0,"menu_order":0,"comment_status":"closed","ping_status":"open","template":"","meta":{"footnotes":""},"class_list":["post-2","page","type-page","status-publish","hentry"],"_links":{"self":[{"href":"https:\/\/oraka.org\/index.php?rest_route=\/wp\/v2\/pages\/2","targetHints":{"allow":["GET"]}}],"collection":[{"href":"https:\/\/oraka.org\/index.php?rest_route=\/wp\/v2\/pages"}],"about":[{"href":"https:\/\/oraka.org\/index.php?rest_route=\/wp\/v2\/types\/page"}],"author":[{"embeddable":true,"href":"https:\/\/oraka.org\/index.php?rest_route=\/wp\/v2\/users\/1"}],"replies":[{"embeddable":true,"href":"https:\/\/oraka.org\/index.php?rest_route=%2Fwp%2Fv2%2Fcomments&post=2"}],"version-history":[{"count":11,"href":"https:\/\/oraka.org\/index.php?rest_route=\/wp\/v2\/pages\/2\/revisions"}],"predecessor-version":[{"id":112,"href":"https:\/\/oraka.org\/index.php?rest_route=\/wp\/v2\/pages\/2\/revisions\/112"}],"wp:attachment":[{"href":"https:\/\/oraka.org\/index.php?rest_route=%2Fwp%2Fv2%2Fmedia&parent=2"}],"curies":[{"name":"wp","href":"https:\/\/api.w.org\/{rel}","templated":true}]}}